{"id":945,"date":"2023-12-19T23:34:49","date_gmt":"2023-12-19T22:34:49","guid":{"rendered":"https:\/\/parcobacchelli.acquatimessd.it\/?page_id=945"},"modified":"2024-11-13T15:20:32","modified_gmt":"2024-11-13T14:20:32","slug":"restaurant","status":"publish","type":"page","link":"https:\/\/parcobacchelli.acquatimessd.it\/en\/ristorante\/","title":{"rendered":"Restaurant"},"content":{"rendered":"<div data-elementor-type=\"wp-page\" data-elementor-id=\"945\" class=\"elementor elementor-945\" data-elementor-post-type=\"page\">\n\t\t\t\t\t\t<section class=\"elementor-section elementor-top-section elementor-element elementor-element-r5vdu75 elementor-section-boxed elementor-section-height-default elementor-section-height-default\" data-id=\"r5vdu75\" data-element_type=\"section\" data-settings=\"{&quot;background_background&quot;:&quot;classic&quot;}\">\n\t\t\t\t\t\t\t<div class=\"elementor-background-overlay\"><\/div>\n\t\t\t\t\t\t\t<div class=\"elementor-container elementor-column-gap-default\">\n\t\t\t\t\t<div class=\"elementor-column elementor-col-100 elementor-top-column elementor-element elementor-element-e5f5bb7\" data-id=\"e5f5bb7\" data-element_type=\"column\">\n\t\t\t<div class=\"elementor-widget-wrap elementor-element-populated\">\n\t\t\t\t\t\t<div class=\"elementor-element elementor-element-3890073 elementor-widget elementor-widget-image\" data-id=\"3890073\" data-element_type=\"widget\" data-widget_type=\"image.default\">\n\t\t\t\t<div class=\"elementor-widget-container\">\n\t\t\t\t\t\t\t\t\t\t\t\t\t\t\t<img fetchpriority=\"high\" decoding=\"async\" width=\"510\" height=\"162\" src=\"https:\/\/parcobacchelli.acquatimessd.it\/wp-content\/uploads\/2023\/12\/LOGO-WHITE.png\" class=\"attachment-large size-large wp-image-1034\" alt=\"LOGO WHITE\" srcset=\"https:\/\/parcobacchelli.acquatimessd.it\/wp-content\/uploads\/2023\/12\/LOGO-WHITE.png 510w, https:\/\/parcobacchelli.acquatimessd.it\/wp-content\/uploads\/2023\/12\/LOGO-WHITE-300x95.png 300w\" sizes=\"(max-width: 510px) 100vw, 510px\" title=\"Restaurant\">\t\t\t\t\t\t\t\t\t\t\t\t\t\t\t<\/div>\n\t\t\t\t<\/div>\n\t\t\t\t<div class=\"elementor-element elementor-element-b7d8567 elementor-widget elementor-widget-heading\" data-id=\"b7d8567\" data-element_type=\"widget\" data-widget_type=\"heading.default\">\n\t\t\t\t<div class=\"elementor-widget-container\">\n\t\t\t\t\t<h1 class=\"elementor-heading-title elementor-size-default\">The Restaurant<\/h1>\t\t\t\t<\/div>\n\t\t\t\t<\/div>\n\t\t\t\t<div class=\"elementor-element elementor-element-4a94b76 elementor-widget elementor-widget-text-editor\" data-id=\"4a94b76\" data-element_type=\"widget\" data-widget_type=\"text-editor.default\">\n\t\t\t\t<div class=\"elementor-widget-container\">\n\t\t\t\t\t\t\t\t\t<p><br \/>In the heart of the Parco Bacchelli Sports Centre, Kaf\u00e8 Bacchelli offers a unique culinary experience in Ferrara, Italy.<\/p>\t\t\t\t\t\t\t\t<\/div>\n\t\t\t\t<\/div>\n\t\t\t\t\t<\/div>\n\t\t<\/div>\n\t\t\t\t\t<\/div>\n\t\t<\/section>\n\t\t<div class=\"elementor-element elementor-element-e2a96ac e-flex e-con-boxed e-con e-parent\" data-id=\"e2a96ac\" data-element_type=\"container\" id=\"orari\" data-settings=\"{&quot;background_background&quot;:&quot;gradient&quot;}\">\n\t\t\t\t\t<div class=\"e-con-inner\">\n\t\t<div class=\"elementor-element elementor-element-74fa2e3 e-con-full e-flex e-con e-child\" data-id=\"74fa2e3\" data-element_type=\"container\">\n\t\t\t\t<div class=\"elementor-element elementor-element-20307eb0 elementor-view-default elementor-widget elementor-widget-icon\" data-id=\"20307eb0\" data-element_type=\"widget\" data-widget_type=\"icon.default\">\n\t\t\t\t<div class=\"elementor-widget-container\">\n\t\t\t\t\t\t\t<div class=\"elementor-icon-wrapper\">\n\t\t\t<div class=\"elementor-icon\">\n\t\t\t<svg aria-hidden=\"true\" class=\"e-font-icon-svg e-fas-wine-glass-alt\" viewbox=\"0 0 288 512\" xmlns=\"http:\/\/www.w3.org\/2000\/svg\"><path d=\"M216 464h-40V346.81c68.47-15.89 118.05-79.91 111.4-154.16l-15.95-178.1C270.71 6.31 263.9 0 255.74 0H32.26c-8.15 0-14.97 6.31-15.7 14.55L.6 192.66C-6.05 266.91 43.53 330.93 112 346.82V464H72c-22.09 0-40 17.91-40 40 0 4.42 3.58 8 8 8h208c4.42 0 8-3.58 8-8 0-22.09-17.91-40-40-40zM61.75 48h164.5l7.17 80H54.58l7.17-80z\"><\/path><\/svg>\t\t\t<\/div>\n\t\t<\/div>\n\t\t\t\t\t\t<\/div>\n\t\t\t\t<\/div>\n\t\t\t\t<div class=\"elementor-element elementor-element-6a7b5b1e elementor-headline--style-highlight elementor-widget elementor-widget-animated-headline\" data-id=\"6a7b5b1e\" data-element_type=\"widget\" data-settings=\"{&quot;marker&quot;:&quot;double_underline&quot;,&quot;highlighted_text&quot;:&quot;Ristorante&quot;,&quot;headline_style&quot;:&quot;highlight&quot;,&quot;loop&quot;:&quot;yes&quot;,&quot;highlight_animation_duration&quot;:1200,&quot;highlight_iteration_delay&quot;:8000}\" data-widget_type=\"animated-headline.default\">\n\t\t\t\t<div class=\"elementor-widget-container\">\n\t\t\t\t\t\t\t<h3 class=\"elementor-headline\">\n\t\t\t\t\t<span class=\"elementor-headline-plain-text elementor-headline-text-wrapper\">A beautiful<\/span>\n\t\t\t\t<span class=\"elementor-headline-dynamic-wrapper elementor-headline-text-wrapper\">\n\t\t\t\t\t<span class=\"elementor-headline-dynamic-text elementor-headline-text-active\">Restaurant<\/span>\n\t\t\t\t<\/span>\n\t\t\t\t<\/h3>\n\t\t\t\t\t\t<\/div>\n\t\t\t\t<\/div>\n\t\t\t\t<div class=\"elementor-element elementor-element-105a1c6d elementor-widget elementor-widget-text-editor\" data-id=\"105a1c6d\" data-element_type=\"widget\" data-widget_type=\"text-editor.default\">\n\t\t\t\t<div class=\"elementor-widget-container\">\n\t\t\t\t\t\t\t\t\t<p>Kaf\u00e8 Bacchelli, located in Ferrara, Italy, is set within the greenery of an urban park. With a menu that ranges from homemade pasta to special pizzas, the establishment welcomes guests for breakfast, lunch, dinner, or events. The outdoor area offers a relaxing and natural environment, while free parking ensures convenience.<\/p>\t\t\t\t\t\t\t\t<\/div>\n\t\t\t\t<\/div>\n\t\t\t\t<div class=\"elementor-element elementor-element-8e1631b elementor-align-center elementor-widget__width-auto elementor-invisible elementor-widget elementor-widget-button\" data-id=\"8e1631b\" data-element_type=\"widget\" data-settings=\"{&quot;_animation&quot;:&quot;fadeInLeft&quot;}\" data-widget_type=\"button.default\">\n\t\t\t\t<div class=\"elementor-widget-container\">\n\t\t\t\t\t\t\t\t\t<div class=\"elementor-button-wrapper\">\n\t\t\t\t\t<a class=\"elementor-button elementor-button-link elementor-size-sm elementor-animation-hang\" href=\"https:\/\/kafebacchelli.it\/\" target=\"_blank\">\n\t\t\t\t\t\t<span class=\"elementor-button-content-wrapper\">\n\t\t\t\t\t\t\t\t\t<span class=\"elementor-button-text\">Go to the website<\/span>\n\t\t\t\t\t<\/span>\n\t\t\t\t\t<\/a>\n\t\t\t\t<\/div>\n\t\t\t\t\t\t\t\t<\/div>\n\t\t\t\t<\/div>\n\t\t\t\t<\/div>\n\t\t<div class=\"elementor-element elementor-element-322cc527 e-con-full e-flex e-con e-child\" data-id=\"322cc527\" data-element_type=\"container\">\n\t\t\t\t<div class=\"elementor-element elementor-element-258133e7 elementor-widget elementor-widget-image\" data-id=\"258133e7\" data-element_type=\"widget\" data-widget_type=\"image.default\">\n\t\t\t\t<div class=\"elementor-widget-container\">\n\t\t\t\t\t\t\t\t\t\t\t\t\t\t\t<img decoding=\"async\" width=\"1024\" height=\"683\" src=\"https:\/\/parcobacchelli.acquatimessd.it\/wp-content\/uploads\/2023\/12\/pasta-scaled-1-1024x683.webp\" class=\"elementor-animation-grow attachment-large size-large wp-image-950\" alt=\"Pasta Scaled 1 1024x683\" srcset=\"https:\/\/parcobacchelli.acquatimessd.it\/wp-content\/uploads\/2023\/12\/pasta-scaled-1-1024x683.webp 1024w, https:\/\/parcobacchelli.acquatimessd.it\/wp-content\/uploads\/2023\/12\/pasta-scaled-1-300x200.webp 300w, https:\/\/parcobacchelli.acquatimessd.it\/wp-content\/uploads\/2023\/12\/pasta-scaled-1-768x512.webp 768w, https:\/\/parcobacchelli.acquatimessd.it\/wp-content\/uploads\/2023\/12\/pasta-scaled-1-1536x1024.webp 1536w, https:\/\/parcobacchelli.acquatimessd.it\/wp-content\/uploads\/2023\/12\/pasta-scaled-1-2048x1366.webp 2048w\" sizes=\"(max-width: 1024px) 100vw, 1024px\" title=\"Restaurant\">\t\t\t\t\t\t\t\t\t\t\t\t\t\t\t<\/div>\n\t\t\t\t<\/div>\n\t\t\t\t<\/div>\n\t\t\t\t\t<\/div>\n\t\t\t\t<\/div>\n\t\t\t\t<\/div>","protected":false},"excerpt":{"rendered":"<p>Il Ristorante Nel cuore del Centro Sportivo Parco Bacchelli, Kaf\u00e8 Bacchelli offre un&#8217;esperienza culinaria unica a Ferrara, Italia. Un bellissimo Ristorante Kaf\u00e8 Bacchelli, situato a Ferrara in Italia, \u00e8 immerso nel verde di un parco urbano. Con un men\u00f9 che spazia dalla pasta fatta in casa alle pizze speciali, il locale accoglie gli ospiti per [&hellip;]<\/p>\n","protected":false},"author":1,"featured_media":0,"parent":0,"menu_order":0,"comment_status":"closed","ping_status":"closed","template":"elementor_header_footer","meta":{"site-sidebar-layout":"no-sidebar","site-content-layout":"page-builder","ast-site-content-layout":"default","site-content-style":"default","site-sidebar-style":"default","ast-global-header-display":"","ast-banner-title-visibility":"","ast-main-header-display":"","ast-hfb-above-header-display":"","ast-hfb-below-header-display":"","ast-hfb-mobile-header-display":"","site-post-title":"disabled","ast-breadcrumbs-content":"","ast-featured-img":"disabled","footer-sml-layout":"","ast-disable-related-posts":"","theme-transparent-header-meta":"","adv-header-id-meta":"","stick-header-meta":"","header-above-stick-meta":"","header-main-stick-meta":"","header-below-stick-meta":"","astra-migrate-meta-layouts":"default","ast-page-background-enabled":"default","ast-page-background-meta":{"desktop":{"background-color":"var(--ast-global-color-4)","background-image":"","background-repeat":"repeat","background-position":"center center","background-size":"auto","background-attachment":"scroll","background-type":"","background-media":"","overlay-type":"","overlay-color":"","overlay-opacity":"","overlay-gradient":""},"tablet":{"background-color":"","background-image":"","background-repeat":"repeat","background-position":"center center","background-size":"auto","background-attachment":"scroll","background-type":"","background-media":"","overlay-type":"","overlay-color":"","overlay-opacity":"","overlay-gradient":""},"mobile":{"background-color":"","background-image":"","background-repeat":"repeat","background-position":"center center","background-size":"auto","background-attachment":"scroll","background-type":"","background-media":"","overlay-type":"","overlay-color":"","overlay-opacity":"","overlay-gradient":""}},"ast-content-background-meta":{"desktop":{"background-color":"var(--ast-global-color-5)","background-image":"","background-repeat":"repeat","background-position":"center center","background-size":"auto","background-attachment":"scroll","background-type":"","background-media":"","overlay-type":"","overlay-color":"","overlay-opacity":"","overlay-gradient":""},"tablet":{"background-color":"var(--ast-global-color-5)","background-image":"","background-repeat":"repeat","background-position":"center center","background-size":"auto","background-attachment":"scroll","background-type":"","background-media":"","overlay-type":"","overlay-color":"","overlay-opacity":"","overlay-gradient":""},"mobile":{"background-color":"var(--ast-global-color-5)","background-image":"","background-repeat":"repeat","background-position":"center center","background-size":"auto","background-attachment":"scroll","background-type":"","background-media":"","overlay-type":"","overlay-color":"","overlay-opacity":"","overlay-gradient":""}},"footnotes":""},"class_list":["post-945","page","type-page","status-publish","hentry"],"publishpress_future_action":{"enabled":false,"date":"2026-04-25 15:45:20","action":"change-status","newStatus":"draft","terms":[],"taxonomy":"","extraData":[]},"publishpress_future_workflow_manual_trigger":{"enabledWorkflows":[]},"_links":{"self":[{"href":"https:\/\/parcobacchelli.acquatimessd.it\/en\/wp-json\/wp\/v2\/pages\/945","targetHints":{"allow":["GET"]}}],"collection":[{"href":"https:\/\/parcobacchelli.acquatimessd.it\/en\/wp-json\/wp\/v2\/pages"}],"about":[{"href":"https:\/\/parcobacchelli.acquatimessd.it\/en\/wp-json\/wp\/v2\/types\/page"}],"author":[{"embeddable":true,"href":"https:\/\/parcobacchelli.acquatimessd.it\/en\/wp-json\/wp\/v2\/users\/1"}],"replies":[{"embeddable":true,"href":"https:\/\/parcobacchelli.acquatimessd.it\/en\/wp-json\/wp\/v2\/comments?post=945"}],"version-history":[{"count":13,"href":"https:\/\/parcobacchelli.acquatimessd.it\/en\/wp-json\/wp\/v2\/pages\/945\/revisions"}],"predecessor-version":[{"id":1388,"href":"https:\/\/parcobacchelli.acquatimessd.it\/en\/wp-json\/wp\/v2\/pages\/945\/revisions\/1388"}],"wp:attachment":[{"href":"https:\/\/parcobacchelli.acquatimessd.it\/en\/wp-json\/wp\/v2\/media?parent=945"}],"curies":[{"name":"wp","href":"https:\/\/api.w.org\/{rel}","templated":true}]}}